{"id":221,"date":"2025-07-03T10:33:37","date_gmt":"2025-07-03T10:33:37","guid":{"rendered":"https:\/\/mediumslateblue-turkey-718198.hostingersite.com\/?page_id=221"},"modified":"2025-11-16T20:26:01","modified_gmt":"2025-11-16T20:26:01","slug":"csapatunk","status":"publish","type":"page","link":"https:\/\/caninebarber.hu\/en\/csapatunk\/","title":{"rendered":"our team"},"content":{"rendered":"<div data-elementor-type=\"wp-page\" data-elementor-id=\"221\" class=\"elementor elementor-221\">\n\t\t\t\t<div class=\"elementor-element elementor-element-aa34d21 e-flex e-con-boxed e-con e-parent\" data-id=\"aa34d21\" data-element_type=\"container\" data-e-type=\"container\" data-settings=\"{&quot;background_background&quot;:&quot;classic&quot;}\">\n\t\t\t\t\t<div class=\"e-con-inner\">\n\t\t\t\t<div class=\"elementor-element elementor-element-6ec40c7 elementor-widget elementor-widget-heading\" data-id=\"6ec40c7\" data-element_type=\"widget\" data-e-type=\"widget\" data-widget_type=\"heading.default\">\n\t\t\t\t\t<h2 class=\"elementor-heading-title elementor-size-default\"><a href=\"https:\/\/caninebarber.hu\/csapatunk\/\">OUR TEAM<\/a><\/h2>\t\t\t\t<\/div>\n\t\t<div class=\"elementor-element elementor-element-c4129e8 e-con-full e-flex e-con e-child\" data-id=\"c4129e8\" data-element_type=\"container\" data-e-type=\"container\">\n\t\t\t\t<div class=\"elementor-element elementor-element-6db31b8 eael-team-align-centered elementor-widget elementor-widget-eael-team-member\" data-id=\"6db31b8\" data-element_type=\"widget\" data-e-type=\"widget\" data-widget_type=\"eael-team-member.default\">\n\t\t\t\t\t\n\n\t<div id=\"eael-team-member-6db31b8\" class=\"eael-team-item eael-team-members-simple team-avatar-rounded\">\n\t\t<div class=\"eael-team-item-inner\">\n\t\t\t<div class=\"eael-team-image\">\n\t\t\t\t<figure>\n\t\t\t\t\t\t\t\t\t\t<img decoding=\"async\" src=\"https:\/\/caninebarber.hu\/wp-content\/uploads\/2025\/08\/IMGassd.webp\" alt=\"\">\n\t\t\t\t\t\t\t\t\t<\/figure>\n\t\t\t\t\n\t\t\t\t\n\t\t\t<\/div>\n\n\t\t\t<div class=\"eael-team-content\">\n\t\t\t\t<h2 class=\"eael-team-member-name\">Mark Laszlo<\/h2><p class=\"eael-team-member-position\">Owner and dog groomer<\/p>\n\t\t\t\t\t\t\t\t\t\t\t\t\t\t<p class=\"eael-team-text\"><\/p>\n\t\t\t\t\t\t\t<\/div>\n\t\t<\/div>\n\t<\/div>\n\t\t\t\t\t<\/div>\n\t\t\t\t<div class=\"elementor-element elementor-element-4c28bb7 elementor-widget elementor-widget-text-editor\" data-id=\"4c28bb7\" data-element_type=\"widget\" data-e-type=\"widget\" data-widget_type=\"text-editor.default\">\n\t\t\t\t\t\t\t\t\t<p>Owners often say: \u201cMy dog \u200b\u200bbehaves better with you then anywhere else.\u201d Perhaps this is where my strength lies. Somehow I manage to find that special connection that makes dogs calmer and more relaxed around me. I don\u2019t view my work as an assembly line: I treat each dog with special attention, patience, and love.<br \/><br \/>For me, health and well-being are the most important things: a well-groomed coat is not only beautiful, but also more comfortable and healthy for the dog. I also want to show that in this predominantly female profession, a man can also be successful if he puts his heart and soul into his work.<br \/><br \/>When I look back years later, I want to be remembered as someone who managed to prove that with perseverance, professional humility, and sincere love, I not only have a place in this profession, but can also set an example for others.<\/p>\t\t\t\t\t\t\t\t<\/div>\n\t\t\t\t<\/div>\n\t\t<div class=\"elementor-element elementor-element-57ef8f6 e-con-full e-flex e-con e-child\" data-id=\"57ef8f6\" data-element_type=\"container\" data-e-type=\"container\">\n\t\t\t\t<div class=\"elementor-element elementor-element-9155a34 eael-team-align-centered elementor-widget elementor-widget-eael-team-member\" data-id=\"9155a34\" data-element_type=\"widget\" data-e-type=\"widget\" data-widget_type=\"eael-team-member.default\">\n\t\t\t\t\t\n\n\t<div id=\"eael-team-member-9155a34\" class=\"eael-team-item eael-team-members-simple team-avatar-rounded\">\n\t\t<div class=\"eael-team-item-inner\">\n\t\t\t<div class=\"eael-team-image\">\n\t\t\t\t<figure>\n\t\t\t\t\t\t\t\t\t\t<img decoding=\"async\" src=\"https:\/\/caninebarber.hu\/wp-content\/uploads\/2025\/08\/niki2-min.webp\" alt=\"\">\n\t\t\t\t\t\t\t\t\t<\/figure>\n\t\t\t\t\n\t\t\t\t\n\t\t\t<\/div>\n\n\t\t\t<div class=\"eael-team-content\">\n\t\t\t\t<h2 class=\"eael-team-member-name\">Nikolett Kalam\u00e1r<\/h2><p class=\"eael-team-member-position\">Dog Groomer<\/p>\n\t\t\t\t\t\t\t\t\t\t\t\t\t\t<p class=\"eael-team-text\"><\/p>\n\t\t\t\t\t\t\t<\/div>\n\t\t<\/div>\n\t<\/div>\n\t\t\t\t\t<\/div>\n\t\t\t\t<div class=\"elementor-element elementor-element-121b8c6 elementor-widget elementor-widget-text-editor\" data-id=\"121b8c6\" data-element_type=\"widget\" data-e-type=\"widget\" data-widget_type=\"text-editor.default\">\n\t\t\t\t\t\t\t\t\t<p>I was attracted to the world of dog grooming as a child, which I experienced through the care of my own dog. I started to realize this dream in 2023 at the Tapis Educational Center. After that, I obtained my certificate in January 2024; I took a poodle to the exam, so they have been my favorites when it comes to grooming ever since.<\/p><p>I started my career as a young man, right after university, and then rented a business space on my own for a year, where I learned to take responsibility and solve many situations during my work. Since then, I have been continuously training myself, going to experienced dog groomers, because I want to master every little trick. My plans also include exploring the world of creative dog grooming.<\/p><p>For me, the most important thing is that the dog feels good while coming home with a beautiful, well-groomed coat. I also like to inform the owners about home care, the details of the work process and the reasons for it. I spend a lot of time on each job, because quality is much more important to me than quantity. I am a maximalist, but there is always room for improvement \u2013 \u200b\u200band this is what motivates me every day.<\/p>\t\t\t\t\t\t\t\t<\/div>\n\t\t\t\t<\/div>\n\t\t<div class=\"elementor-element elementor-element-e565183 e-con-full e-flex e-con e-child\" data-id=\"e565183\" data-element_type=\"container\" data-e-type=\"container\">\n\t\t\t\t<div class=\"elementor-element elementor-element-8a09858 eael-team-align-centered elementor-widget elementor-widget-eael-team-member\" data-id=\"8a09858\" data-element_type=\"widget\" data-e-type=\"widget\" data-widget_type=\"eael-team-member.default\">\n\t\t\t\t\t\n\n\t<div id=\"eael-team-member-8a09858\" class=\"eael-team-item eael-team-members-simple team-avatar-rounded\">\n\t\t<div class=\"eael-team-item-inner\">\n\t\t\t<div class=\"eael-team-image\">\n\t\t\t\t<figure>\n\t\t\t\t\t\t\t\t\t\t<img decoding=\"async\" src=\"https:\/\/caninebarber.hu\/wp-content\/uploads\/2025\/08\/szabo-boglarka2-min-scaled.webp\" alt=\"\">\n\t\t\t\t\t\t\t\t\t<\/figure>\n\t\t\t\t\n\t\t\t\t\n\t\t\t<\/div>\n\n\t\t\t<div class=\"eael-team-content\">\n\t\t\t\t<h2 class=\"eael-team-member-name\">boglarka szabo<\/h2><p class=\"eael-team-member-position\">customer coordinator<\/p>\n\t\t\t\t\t\t\t\t\t\t\t\t\t\t<p class=\"eael-team-text\"><\/p>\n\t\t\t\t\t\t\t<\/div>\n\t\t<\/div>\n\t<\/div>\n\t\t\t\t\t<\/div>\n\t\t\t\t<div class=\"elementor-element elementor-element-a4d11ed elementor-widget elementor-widget-text-editor\" data-id=\"a4d11ed\" data-element_type=\"widget\" data-e-type=\"widget\" data-widget_type=\"text-editor.default\">\n\t\t\t\t\t\t\t\t\t<p>As a Customer Coordinator, my job is to ensure that every owner and their favorite four-legged friend leaves with the best possible experience. It is important to me that every step of the appointment, arrival and treatment process goes smoothly, and that our clients always know their dog is safe and in good hands. I love being able to connect with both people and animals in my work \u2013 for me, it is not just a job, but a true calling.<\/p>\t\t\t\t\t\t\t\t<\/div>\n\t\t\t\t<\/div>\n\t\t\t\t\t<\/div>\n\t\t\t\t<\/div>\n\t\t\t\t<\/div>","protected":false},"excerpt":{"rendered":"<p>CSAPATUNK L\u00e1szl\u00f3 M\u00e1rk \u00fcgyvezet\u0151 \u00e9s kutyakozmetikus A gazdik gyakran mondj\u00e1k: \u201eSehol sem viselkedik ilyen j\u00f3l a kutyusom, mint n\u00e1lad.\u201d Tal\u00e1n ebben rejlik az er\u0151ss\u00e9gem. Valahogy siker\u00fcl megtal\u00e1lnom azt a k\u00fcl\u00f6nleges kapcsol\u00f3d\u00e1st, aminek k\u00f6sz\u00f6nhet\u0151en a kuty\u00e1k nyugodtabbak, oldottabbak mellettem. Nem fut\u00f3szalagk\u00e9nt tekintek a munk\u00e1ra: minden kuty\u00e1hoz k\u00fcl\u00f6n figyelemmel, t\u00fcrelemmel \u00e9s szeretettel \u00e1llok hozz\u00e1. Sz\u00e1momra a legfontosabb [&hellip;]<\/p>\n","protected":false},"author":1,"featured_media":0,"parent":0,"menu_order":0,"comment_status":"closed","ping_status":"closed","template":"elementor_header_footer","meta":{"footnotes":""},"class_list":["post-221","page","type-page","status-publish","hentry"],"_links":{"self":[{"href":"https:\/\/caninebarber.hu\/en\/wp-json\/wp\/v2\/pages\/221","targetHints":{"allow":["GET"]}}],"collection":[{"href":"https:\/\/caninebarber.hu\/en\/wp-json\/wp\/v2\/pages"}],"about":[{"href":"https:\/\/caninebarber.hu\/en\/wp-json\/wp\/v2\/types\/page"}],"author":[{"embeddable":true,"href":"https:\/\/caninebarber.hu\/en\/wp-json\/wp\/v2\/users\/1"}],"replies":[{"embeddable":true,"href":"https:\/\/caninebarber.hu\/en\/wp-json\/wp\/v2\/comments?post=221"}],"version-history":[{"count":48,"href":"https:\/\/caninebarber.hu\/en\/wp-json\/wp\/v2\/pages\/221\/revisions"}],"predecessor-version":[{"id":1415,"href":"https:\/\/caninebarber.hu\/en\/wp-json\/wp\/v2\/pages\/221\/revisions\/1415"}],"wp:attachment":[{"href":"https:\/\/caninebarber.hu\/en\/wp-json\/wp\/v2\/media?parent=221"}],"curies":[{"name":"wp","href":"https:\/\/api.w.org\/{rel}","templated":true}]}}