{"id":257,"date":"2025-07-03T17:07:21","date_gmt":"2025-07-03T17:07:21","guid":{"rendered":"https:\/\/caninebarber.hu\/?page_id=257"},"modified":"2026-02-17T11:38:58","modified_gmt":"2026-02-17T11:38:58","slug":"adatkezelesi-tajekoztato","status":"publish","type":"page","link":"https:\/\/caninebarber.hu\/en\/adatkezelesi-tajekoztato\/","title":{"rendered":"Data processing information"},"content":{"rendered":"<div data-elementor-type=\"wp-page\" data-elementor-id=\"257\" class=\"elementor elementor-257\">\n\t\t\t\t<div class=\"elementor-element elementor-element-aa34d21 e-flex e-con-boxed e-con e-parent\" data-id=\"aa34d21\" data-element_type=\"container\" data-e-type=\"container\" data-settings=\"{&quot;background_background&quot;:&quot;classic&quot;}\">\n\t\t\t\t\t<div class=\"e-con-inner\">\n\t\t\t\t<div class=\"elementor-element elementor-element-6ec40c7 elementor-widget elementor-widget-heading\" data-id=\"6ec40c7\" data-element_type=\"widget\" data-e-type=\"widget\" data-widget_type=\"heading.default\">\n\t\t\t\t\t<h2 class=\"elementor-heading-title elementor-size-default\"><a href=\"https:\/\/caninebarber.hu\/adatkezelesi-tajekoztato\/\">ADATKEZEL\u00c9SI T\u00c1J\u00c9KOZTAT\u00d3<\/a><\/h2>\t\t\t\t<\/div>\n\t\t<div class=\"elementor-element elementor-element-c4129e8 e-con-full e-flex e-con e-child\" data-id=\"c4129e8\" data-element_type=\"container\" data-e-type=\"container\">\n\t\t\t\t<div class=\"elementor-element elementor-element-4c28bb7 elementor-widget elementor-widget-text-editor\" data-id=\"4c28bb7\" data-element_type=\"widget\" data-e-type=\"widget\" data-widget_type=\"text-editor.default\">\n\t\t\t\t\t\t\t\t\t<h2 data-start=\"352\" data-end=\"381\">\ud83d\udd10 1. Az adatkezel\u0151 adatai<\/h2>\n<ul data-start=\"383\" data-end=\"597\">\n \t<li data-start=\"383\" data-end=\"433\">\n<p data-start=\"385\" data-end=\"433\"><strong data-start=\"385\" data-end=\"402\">C\u00e9gn\u00e9v:<\/strong> WEBSITY M\u00e9dia \u00dcgyn\u00f6ks\u00e9g Kft.<\/p>\n<\/li>\n \t<li data-start=\"434\" data-end=\"484\">\n<p data-start=\"436\" data-end=\"484\"><strong data-start=\"436\" data-end=\"449\">Sz\u00e9khely:<\/strong> 2440 Sz\u00e1zhalombatta, Er\u0151m\u0171 \u00fat 3. <\/p>\n<\/li>\n<li data-start=\"434\" data-end=\"484\">\n<p data-start=\"436\" data-end=\"484\"><strong data-start=\"436\" data-end=\"449\">Ad\u00f3sz\u00e1m:<\/strong> 12437597-2-13<\/p>\n<\/li>\n<li data-start=\"434\" data-end=\"484\">\n<p data-start=\"436\" data-end=\"484\"><strong data-start=\"436\" data-end=\"449\">C\u00e9gjegyz\u00e9ksz\u00e1m:<\/strong> 13 09 217003<\/p>\n<\/li>\n \t<li data-start=\"485\" data-end=\"522\">\n<p data-start=\"487\" data-end=\"522\"><strong data-start=\"487\" data-end=\"497\">Email:<\/strong> <a class=\"cursor-pointer\" rel=\"noopener\" data-start=\"498\" data-end=\"520\" href=\"mailto:laszlo.mark@websity.hu\" style=\"color:white\">laszlo.mark@websity.hu<\/a><\/p>\n<\/li>\n \t<li data-start=\"523\" data-end=\"559\">\n<p data-start=\"525\" data-end=\"559\"><strong data-start=\"525\" data-end=\"541\" >Telefonsz\u00e1m:<\/strong> <a href=\"tel:+36202666145\" style=\"color:white\">+36 20 266 6145<\/p>\n<\/li>\n \t<li data-start=\"560\" data-end=\"597\">\n<p data-start=\"562\" data-end=\"597\"><strong data-start=\"562\" data-end=\"575\">Weboldal:<\/strong> <a class=\"\" href=\"http:\/\/www.caninebarber.hu\" target=\"_new\" rel=\"noopener\" data-start=\"576\" data-end=\"595\" style=\"color:white\">www.caninebarber.hu<\/a><\/p>\n<\/li>\n<\/ul>\t\t\t\t\t\t\t\t<\/div>\n\t\t\t\t<div class=\"elementor-element elementor-element-ead2d51 elementor-widget elementor-widget-text-editor\" data-id=\"ead2d51\" data-element_type=\"widget\" data-e-type=\"widget\" data-widget_type=\"text-editor.default\">\n\t\t\t\t\t\t\t\t\t<h2 data-start=\"599\" data-end=\"633\">\ud83d\uddc3\ufe0f 2. Milyen adatokat kezel\u00fcnk?<\/h2>\n<p data-start=\"635\" data-end=\"744\">A kutyakozmetikai szolg\u00e1ltat\u00e1s biztos\u00edt\u00e1sa, kapcsolattart\u00e1s \u00e9s marketing c\u00e9lj\u00e1b\u00f3l az al\u00e1bbi adatokat kezelj\u00fck:<\/p>\n<p data-start=\"746\" data-end=\"769\"><strong data-start=\"746\" data-end=\"769\">Id\u0151pontfoglal\u00e1shoz:<\/strong><\/p>\n\n<ul data-start=\"770\" data-end=\"844\">\n \t<li data-start=\"770\" data-end=\"782\">\n<p data-start=\"772\" data-end=\"782\">Teljes n\u00e9v<\/p>\n<\/li>\n \t<li data-start=\"783\" data-end=\"796\">\n<p data-start=\"785\" data-end=\"796\">Phone number<\/p>\n<\/li>\n \t<li data-start=\"797\" data-end=\"818\">\n<p data-start=\"799\" data-end=\"818\">Lakc\u00edm (opcion\u00e1lis)<\/p>\n<\/li>\n \t<li data-start=\"819\" data-end=\"844\">\n<p data-start=\"821\" data-end=\"844\">A kutya neve \u00e9s fajt\u00e1ja<\/p>\n<\/li>\n<\/ul>\n<p data-start=\"846\" data-end=\"863\"><strong data-start=\"846\" data-end=\"863\">Sz\u00e1ml\u00e1z\u00e1shoz:<\/strong><\/p>\n\n<ul data-start=\"864\" data-end=\"921\">\n \t<li data-start=\"864\" data-end=\"869\">\n<p data-start=\"866\" data-end=\"869\">N\u00e9v<\/p>\n<\/li>\n \t<li data-start=\"870\" data-end=\"875\">\n<p data-start=\"872\" data-end=\"875\">C\u00edm<\/p>\n<\/li>\n \t<li data-start=\"876\" data-end=\"889\">\n<p data-start=\"878\" data-end=\"889\">Phone number<\/p>\n<\/li>\n \t<li data-start=\"890\" data-end=\"921\">\n<p data-start=\"892\" data-end=\"921\">Ad\u00f3sz\u00e1m (c\u00e9ges \u00fcgyf\u00e9l eset\u00e9n)<\/p>\n<\/li>\n<\/ul>\n<p data-start=\"923\" data-end=\"945\"><strong data-start=\"923\" data-end=\"945\">Marketing c\u00e9lokra:<\/strong><\/p>\n\n<ul data-start=\"946\" data-end=\"1002\">\n \t<li data-start=\"946\" data-end=\"1002\">\n<p data-start=\"948\" data-end=\"1002\">N\u00e9v, email, telefonsz\u00e1m (h\u00edrlev\u00e9l, kupon, eml\u00e9keztet\u0151)<\/p>\n<\/li>\n<\/ul>\n<p data-start=\"1004\" data-end=\"1022\"><strong data-start=\"1004\" data-end=\"1022\">M\u00e9diatartalom:<\/strong><\/p>\n\n<ul data-start=\"1023\" data-end=\"1193\">\n \t<li data-start=\"1023\" data-end=\"1193\">\n<p data-start=\"1025\" data-end=\"1193\">A szolg\u00e1ltat\u00e1s elej\u00e9n \u00e9s v\u00e9g\u00e9n k\u00e9sz\u00edtett f\u00e9nyk\u00e9p\/vide\u00f3 a kuty\u00e1r\u00f3l, amit k\u00f6zz\u00e9tehetek a weboldalon vagy a Canine Barber k\u00f6z\u00f6ss\u00e9gi oldalain (Facebook, Instagram, TikTok).<\/p><\/li><\/ul>\n<p data-start=\"1175\" data-end=\"1200\"><strong data-start=\"1175\" data-end=\"1200\">Weboldal \u00e9s cookie-k:<\/strong><\/p>\n\n<ul data-start=\"1201\" data-end=\"1456\">\n \t<li data-start=\"1201\" data-end=\"1456\">\n<p data-start=\"1203\" data-end=\"1456\">Weboldalunk s\u00fctiket haszn\u00e1l a l\u00e1togat\u00f3i \u00e9lm\u00e9ny jav\u00edt\u00e1s\u00e1ra \u00e9s analitikai adatok gy\u0171jt\u00e9s\u00e9re. Ezek anonim form\u00e1ban ker\u00fclnek feldolgoz\u00e1sra, \u00e9s nem kapcsol\u00f3dnak a szem\u00e9lyes adataidhoz. A s\u00fctik haszn\u00e1lat\u00e1r\u00f3l b\u00e1rmikor leiratkozhatsz a b\u00f6ng\u00e9sz\u0151d be\u00e1ll\u00edt\u00e1saiban.<\/p>\n<\/li>\n<\/ul>\n<\/li>\n<\/ul>\t\t\t\t\t\t\t\t<\/div>\n\t\t\t\t<div class=\"elementor-element elementor-element-064db93 elementor-widget elementor-widget-text-editor\" data-id=\"064db93\" data-element_type=\"widget\" data-e-type=\"widget\" data-widget_type=\"text-editor.default\">\n\t\t\t\t\t\t\t\t\t<h2 data-start=\"1195\" data-end=\"1237\">\ud83e\uddfe 3. Az adatkezel\u00e9s c\u00e9lja \u00e9s jogalapja<\/h2><div class=\"_tableContainer_80l1q_1\"><div class=\"_tableWrapper_80l1q_14 group flex w-fit flex-col-reverse\" tabindex=\"-1\"><table class=\"w-fit min-w-(--thread-content-width)\" data-start=\"1239\" data-end=\"1597\"><thead data-start=\"1239\" data-end=\"1258\"><tr data-start=\"1239\" data-end=\"1258\"><th data-start=\"1239\" data-end=\"1245\" data-col-size=\"md\">C\u00e9l<\/th><th data-start=\"1245\" data-end=\"1258\" data-col-size=\"md\">Jogalap<\/th><\/tr><\/thead><tbody data-start=\"1279\" data-end=\"1597\"><tr data-start=\"1279\" data-end=\"1376\"><td data-start=\"1279\" data-end=\"1323\" data-col-size=\"md\">Id\u0151pont egyeztet\u00e9s, szolg\u00e1ltat\u00e1s ny\u00fajt\u00e1sa<\/td><td data-col-size=\"md\" data-start=\"1323\" data-end=\"1376\"><strong data-start=\"1325\" data-end=\"1350\">Szerz\u0151d\u00e9s teljes\u00edt\u00e9se<\/strong> (GDPR 6. cikk (1) b))<\/td><\/tr><tr data-start=\"1377\" data-end=\"1439\"><td data-start=\"1377\" data-end=\"1389\" data-col-size=\"md\">Sz\u00e1ml\u00e1z\u00e1s<\/td><td data-col-size=\"md\" data-start=\"1389\" data-end=\"1439\"><strong data-start=\"1391\" data-end=\"1413\">Jogi k\u00f6telezetts\u00e9g<\/strong> (GDPR 6. cikk (1) c))<\/td><\/tr><tr data-start=\"1440\" data-end=\"1525\"><td data-start=\"1440\" data-end=\"1481\" data-col-size=\"md\">Marketing (pl. prom\u00f3ci\u00f3s email, kupon)<\/td><td data-col-size=\"md\" data-start=\"1481\" data-end=\"1525\"><strong data-start=\"1483\" data-end=\"1499\">Hozz\u00e1j\u00e1rul\u00e1s<\/strong> (GDPR 6. cikk (1) a))<\/td><\/tr><tr data-start=\"1526\" data-end=\"1597\"><td data-start=\"1526\" data-end=\"1553\" data-col-size=\"md\">K\u00e9pek\/vide\u00f3k k\u00f6zz\u00e9t\u00e9tele<\/td><td data-col-size=\"md\" data-start=\"1553\" data-end=\"1597\"><strong data-start=\"1555\" data-end=\"1571\">Hozz\u00e1j\u00e1rul\u00e1s<\/strong> (GDPR 6. cikk (1) a))<\/td><\/tr><\/tbody><\/table><\/div><\/div>\t\t\t\t\t\t\t\t<\/div>\n\t\t\t\t<div class=\"elementor-element elementor-element-3d06134 elementor-widget elementor-widget-text-editor\" data-id=\"3d06134\" data-element_type=\"widget\" data-e-type=\"widget\" data-widget_type=\"text-editor.default\">\n\t\t\t\t\t\t\t\t\t<h2 data-start=\"1599\" data-end=\"1635\">\ud83e\udd1d 4. Hogyan gy\u0171jtj\u00fck az adatokat?<\/h2>\n<ul data-start=\"1637\" data-end=\"1753\">\n \t<li data-start=\"1637\" data-end=\"1753\">\n<p data-start=\"1639\" data-end=\"1674\"><strong data-start=\"1639\" data-end=\"1654\">Digit\u00e1lisan: <\/strong>Fresha online id\u0151pontfoglal\u00f3 rendszerben, telefonon, emailben<\/p>\n<\/li>\n<li><strong>Szem\u00e9lyesen<\/strong>\n<\/li>\n<\/ul>\n<div class=\"_tableContainer_80l1q_1\"><\/div>\t\t\t\t\t\t\t\t<\/div>\n\t\t\t\t<div class=\"elementor-element elementor-element-fef5df7 elementor-widget elementor-widget-text-editor\" data-id=\"fef5df7\" data-element_type=\"widget\" data-e-type=\"widget\" data-widget_type=\"text-editor.default\">\n\t\t\t\t\t\t\t\t\t<h2 data-start=\"1815\" data-end=\"1850\">\ud83d\udcbb 5. Ki f\u00e9r hozz\u00e1 az adatokhoz?<\/h2><ul data-start=\"1852\" data-end=\"1987\"><li data-start=\"1852\" data-end=\"1911\"><p data-start=\"1854\" data-end=\"1911\">Az adatokhoz <strong data-start=\"1867\" data-end=\"1883\">kiz\u00e1r\u00f3lag mi<\/strong>, az adatkezel\u0151 f\u00e9rek hozz\u00e1.<\/p><\/li><li data-start=\"1912\" data-end=\"1987\"><p data-start=\"1914\" data-end=\"1987\">Az al\u00e1bbi partnerek, mint adatfeldolgoz\u00f3k technikai seg\u00edts\u00e9get ny\u00fajtanak:<\/p><\/li><\/ul><div class=\"_tableContainer_80l1q_1\"><div class=\"_tableWrapper_80l1q_14 group flex w-fit flex-col-reverse\" tabindex=\"-1\"><table class=\"w-fit min-w-(--thread-content-width)\" data-start=\"1989\" data-end=\"2183\"><thead data-start=\"1989\" data-end=\"2011\"><tr data-start=\"1989\" data-end=\"2011\"><th data-start=\"1989\" data-end=\"1999\" data-col-size=\"sm\">Partner<\/th><th data-start=\"1999\" data-end=\"2011\" data-col-size=\"sm\">Szerep<\/th><\/tr><\/thead><tbody data-start=\"2034\" data-end=\"2183\"><tr data-start=\"2034\" data-end=\"2088\"><td data-start=\"2034\" data-end=\"2047\" data-col-size=\"sm\"><strong data-start=\"2036\" data-end=\"2046\">Fresha<\/strong><\/td><td data-col-size=\"sm\" data-start=\"2047\" data-end=\"2088\">Id\u0151pontfoglal\u00f3 rendszer szolg\u00e1ltat\u00f3<\/td><\/tr><tr data-start=\"2089\" data-end=\"2134\"><td data-start=\"2089\" data-end=\"2104\" data-col-size=\"sm\"><strong data-start=\"2091\" data-end=\"2103\">Billingo<\/strong><\/td><td data-col-size=\"sm\" data-start=\"2104\" data-end=\"2134\">Online sz\u00e1ml\u00e1z\u00f3 rendszer<\/td><\/tr><tr data-start=\"2135\" data-end=\"2183\"><td data-start=\"2135\" data-end=\"2150\" data-col-size=\"sm\"><strong data-start=\"2137\" data-end=\"2149\">K\u00f6nyvel\u0151<\/strong><\/td><td data-col-size=\"sm\" data-start=\"2150\" data-end=\"2183\">Sz\u00e1ml\u00e1k k\u00f6nyvel\u00e9se c\u00e9lj\u00e1b\u00f3l<\/td><\/tr><\/tbody><\/table><div class=\"sticky end-(--thread-content-margin) h-0 self-end select-none\"><div class=\"absolute end-0 flex items-end\">\u00a0<\/div><\/div><\/div><\/div><p data-start=\"2185\" data-end=\"2239\">Minden partner\u00fcnk GDPR-kompatibilis adatkezel\u00e9st v\u00e9gez.<\/p>\t\t\t\t\t\t\t\t<\/div>\n\t\t\t\t<div class=\"elementor-element elementor-element-7c0a8e0 elementor-widget elementor-widget-text-editor\" data-id=\"7c0a8e0\" data-element_type=\"widget\" data-e-type=\"widget\" data-widget_type=\"text-editor.default\">\n\t\t\t\t\t\t\t\t\t<h2 data-start=\"2241\" data-end=\"2285\">\ud83d\udcc5 6. Mennyi ideig \u0151rizz\u00fck meg az adatokat?<\/h2><ul data-start=\"2287\" data-end=\"2540\"><li data-start=\"2287\" data-end=\"2377\"><p data-start=\"2289\" data-end=\"2377\">\u00dcgyf\u00e9ladatokat legfeljebb <strong data-start=\"2315\" data-end=\"2325\">1 \u00e9vig<\/strong> \u0151rizz\u00fck meg a szolg\u00e1ltat\u00e1s ig\u00e9nybev\u00e9tel\u00e9t\u0151l sz\u00e1m\u00edtva.<\/p><\/li><li data-start=\"2378\" data-end=\"2453\"><p data-start=\"2380\" data-end=\"2453\">Sz\u00e1ml\u00e1z\u00e1si adatokat a <strong data-start=\"2402\" data-end=\"2439\">sz\u00e1mviteli t\u00f6rv\u00e9ny szerint 8 \u00e9vig<\/strong> kell t\u00e1rolni.<\/p><\/li><li data-start=\"2454\" data-end=\"2540\"><p data-start=\"2456\" data-end=\"2540\">Marketing c\u00e9l\u00fa adatokat a hozz\u00e1j\u00e1rul\u00e1s visszavon\u00e1s\u00e1ig, de legfeljebb 1 \u00e9vig kezelj\u00fck.<\/p><\/li><\/ul><p data-start=\"2542\" data-end=\"2644\"><strong data-start=\"2542\" data-end=\"2580\">Adataid t\u00f6rl\u00e9s\u00e9t b\u00e1rmikor k\u00e9rheted!<\/strong><\/p>\t\t\t\t\t\t\t\t<\/div>\n\t\t\t\t<div class=\"elementor-element elementor-element-6ccf583 elementor-widget elementor-widget-text-editor\" data-id=\"6ccf583\" data-element_type=\"widget\" data-e-type=\"widget\" data-widget_type=\"text-editor.default\">\n\t\t\t\t\t\t\t\t\t<h2 data-start=\"2646\" data-end=\"2683\">\ud83d\udce9 7. Marketing \u00e9s kapcsolattart\u00e1s<\/h2><ul data-start=\"2685\" data-end=\"2913\"><li data-start=\"2685\" data-end=\"2778\"><p data-start=\"2687\" data-end=\"2778\">Prom\u00f3ci\u00f3s aj\u00e1nlatokat, id\u0151pont-eml\u00e9keztet\u0151t, kuponokat <strong data-start=\"2742\" data-end=\"2754\">emailben<\/strong> vagy SMS-ben k\u00fcldhet\u00fcnk.<\/p><\/li><li data-start=\"2779\" data-end=\"2840\"><p data-start=\"2781\" data-end=\"2840\">Erre <strong data-start=\"2786\" data-end=\"2815\">k\u00fcl\u00f6n hozz\u00e1j\u00e1rul\u00e1st k\u00e9r\u00fcnk<\/strong>, pl. id\u0151pontfoglal\u00e1skor.<\/p><\/li><li data-start=\"2841\" data-end=\"2913\"><p data-start=\"2843\" data-end=\"2913\">Automatikus \u00e9rtes\u00edt\u00e9sek a <strong data-start=\"2869\" data-end=\"2890\">Fresha rendszeren<\/strong> kereszt\u00fcl \u00e9rkezhetnek.<\/p><\/li><\/ul>\t\t\t\t\t\t\t\t<\/div>\n\t\t\t\t<div class=\"elementor-element elementor-element-554babe elementor-widget elementor-widget-text-editor\" data-id=\"554babe\" data-element_type=\"widget\" data-e-type=\"widget\" data-widget_type=\"text-editor.default\">\n\t\t\t\t\t\t\t\t\t<h2 data-start=\"2915\" data-end=\"2937\">\ud83d\udd12 8. Adatbiztons\u00e1g<\/h2><ul data-start=\"2939\" data-end=\"3116\"><li data-start=\"2939\" data-end=\"3010\"><p data-start=\"2941\" data-end=\"3010\">Minden adatot <strong data-start=\"2955\" data-end=\"2979\">sz\u00e1m\u00edt\u00f3g\u00e9pen t\u00e1rolunk<\/strong>, jelsz\u00f3val v\u00e9dett rendszerben.<\/p><\/li><li data-start=\"3011\" data-end=\"3051\"><p data-start=\"3013\" data-end=\"3051\">Az adatokhoz kiz\u00e1r\u00f3lag mi f\u00e9r\u00fcnk hozz\u00e1.<\/p><\/li><li data-start=\"3052\" data-end=\"3116\"><p data-start=\"3054\" data-end=\"3116\">Nem t\u00e1rolunk adatokat pap\u00edron, nem haszn\u00e1lok k\u00fcls\u0151 h\u00e1tt\u00e9rt\u00e1rat.<\/p><\/li><\/ul>\t\t\t\t\t\t\t\t<\/div>\n\t\t\t\t<div class=\"elementor-element elementor-element-42148f3 elementor-widget elementor-widget-text-editor\" data-id=\"42148f3\" data-element_type=\"widget\" data-e-type=\"widget\" data-widget_type=\"text-editor.default\">\n\t\t\t\t\t\t\t\t\t<h2 data-start=\"3118\" data-end=\"3148\">\ud83e\uddd1\u200d\u2696\ufe0f 9. Az \u00e9rintetti jogok<\/h2><p data-start=\"3150\" data-end=\"3173\">B\u00e1rmikor jogosult vagy:<\/p><ul data-start=\"3175\" data-end=\"3393\"><li data-start=\"3242\" data-end=\"3310\"><p data-start=\"3244\" data-end=\"3310\"><strong data-start=\"3244\" data-end=\"3255\">T\u00f6rl\u00e9st<\/strong> k\u00e9rni (amennyiben jogszab\u00e1ly nem k\u00f6telez a meg\u0151rz\u00e9sre)<\/p><\/li><li data-start=\"3311\" data-end=\"3361\"><p data-start=\"3313\" data-end=\"3361\"><strong data-start=\"3313\" data-end=\"3327\">Tiltakozni<\/strong> a marketingc\u00e9l\u00fa adatkezel\u00e9s ellen<\/p><\/li><li data-start=\"3362\" data-end=\"3393\"><p data-start=\"3364\" data-end=\"3393\"><strong data-start=\"3364\" data-end=\"3387\">Adathordozhat\u00f3s\u00e1got<\/strong> k\u00e9rni<\/p><\/li><\/ul><p data-start=\"3469\" data-end=\"3692\">Ha \u00fagy \u00e9rzed, jogs\u00e9rt\u00e9s t\u00f6rt\u00e9nt, panasszal \u00e9lhetsz a <strong data-start=\"3522\" data-end=\"3586\">Nemzeti Adatv\u00e9delmi \u00e9s Inform\u00e1ci\u00f3szabads\u00e1g Hat\u00f3s\u00e1gn\u00e1l (NAIH)<\/strong>:<br data-start=\"3587\" data-end=\"3590\" \/><strong data-start=\"3590\" data-end=\"3605\"><a class=\"\" href=\"http:\/\/www.naih.hu\" target=\"_new\" rel=\"noopener\" data-start=\"3592\" data-end=\"3603\">www.naih.hu<\/a><\/strong>,<br data-start=\"3606\" data-end=\"3609\" \/><strong data-start=\"3609\" data-end=\"3617\">c\u00edm:<\/strong> 1055 Budapest, Falk Miksa utca 9-11.,<br data-start=\"3655\" data-end=\"3658\" \/><strong data-start=\"3658\" data-end=\"3668\">email:<\/strong> <a href=\"mailto:ugyfelszolgalat@naih.hu\">ugyfelszolgalat@naih.hu<\/a><\/p>\t\t\t\t\t\t\t\t<\/div>\n\t\t\t\t<\/div>\n\t\t\t\t\t<\/div>\n\t\t\t\t<\/div>\n\t\t\t\t<\/div>","protected":false},"excerpt":{"rendered":"<p>ADATKEZEL\u00c9SI T\u00c1J\u00c9KOZTAT\u00d3 \ud83d\udd10 1. Az adatkezel\u0151 adatai C\u00e9gn\u00e9v: WEBSITY M\u00e9dia \u00dcgyn\u00f6ks\u00e9g Kft. Sz\u00e9khely: 2440 Sz\u00e1zhalombatta, Er\u0151m\u0171 \u00fat 3. Ad\u00f3sz\u00e1m: 12437597-2-13 C\u00e9gjegyz\u00e9ksz\u00e1m: 13 09 217003 Email: laszlo.mark@websity.hu Telefonsz\u00e1m: +36 20 266 6145 Weboldal: www.caninebarber.hu \ud83d\uddc3\ufe0f 2. Milyen adatokat kezel\u00fcnk? A kutyakozmetikai szolg\u00e1ltat\u00e1s biztos\u00edt\u00e1sa, kapcsolattart\u00e1s \u00e9s marketing c\u00e9lj\u00e1b\u00f3l az al\u00e1bbi adatokat kezelj\u00fck: Id\u0151pontfoglal\u00e1shoz: Teljes n\u00e9v Telefonsz\u00e1m Lakc\u00edm [&hellip;]<\/p>\n","protected":false},"author":1,"featured_media":0,"parent":0,"menu_order":0,"comment_status":"closed","ping_status":"closed","template":"elementor_header_footer","meta":{"footnotes":""},"class_list":["post-257","page","type-page","status-publish","hentry"],"_links":{"self":[{"href":"https:\/\/caninebarber.hu\/en\/wp-json\/wp\/v2\/pages\/257","targetHints":{"allow":["GET"]}}],"collection":[{"href":"https:\/\/caninebarber.hu\/en\/wp-json\/wp\/v2\/pages"}],"about":[{"href":"https:\/\/caninebarber.hu\/en\/wp-json\/wp\/v2\/types\/page"}],"author":[{"embeddable":true,"href":"https:\/\/caninebarber.hu\/en\/wp-json\/wp\/v2\/users\/1"}],"replies":[{"embeddable":true,"href":"https:\/\/caninebarber.hu\/en\/wp-json\/wp\/v2\/comments?post=257"}],"version-history":[{"count":21,"href":"https:\/\/caninebarber.hu\/en\/wp-json\/wp\/v2\/pages\/257\/revisions"}],"predecessor-version":[{"id":1539,"href":"https:\/\/caninebarber.hu\/en\/wp-json\/wp\/v2\/pages\/257\/revisions\/1539"}],"wp:attachment":[{"href":"https:\/\/caninebarber.hu\/en\/wp-json\/wp\/v2\/media?parent=257"}],"curies":[{"name":"wp","href":"https:\/\/api.w.org\/{rel}","templated":true}]}}