{"id":665,"date":"2025-08-07T16:16:51","date_gmt":"2025-08-07T16:16:51","guid":{"rendered":"https:\/\/caninebarber.hu\/?page_id=665"},"modified":"2026-02-15T16:47:42","modified_gmt":"2026-02-15T16:47:42","slug":"hazirend","status":"publish","type":"page","link":"https:\/\/caninebarber.hu\/en\/hazirend\/","title":{"rendered":"House rules"},"content":{"rendered":"<div data-elementor-type=\"wp-page\" data-elementor-id=\"665\" class=\"elementor elementor-665\">\n\t\t\t\t<div class=\"elementor-element elementor-element-55661c0 e-con-full e-flex e-con e-child\" data-id=\"55661c0\" data-element_type=\"container\" data-e-type=\"container\" data-settings=\"{&quot;background_background&quot;:&quot;classic&quot;}\">\n\t\t<div class=\"elementor-element elementor-element-6d44a8d e-con-full e-flex e-con e-child\" data-id=\"6d44a8d\" data-element_type=\"container\" data-e-type=\"container\">\n\t\t\t\t<div class=\"elementor-element elementor-element-651c453 elementor-widget elementor-widget-heading\" data-id=\"651c453\" data-element_type=\"widget\" data-e-type=\"widget\" data-widget_type=\"heading.default\">\n\t\t\t\t\t<h2 class=\"elementor-heading-title elementor-size-default\">HOUSE RULES<\/h2>\t\t\t\t<\/div>\n\t\t<div class=\"elementor-element elementor-element-88e7aa0 e-con-full e-flex e-con e-child\" data-id=\"88e7aa0\" data-element_type=\"container\" data-e-type=\"container\">\n\t\t\t\t<div class=\"elementor-element elementor-element-f5951e3 elementor-widget elementor-widget-heading\" data-id=\"f5951e3\" data-element_type=\"widget\" data-e-type=\"widget\" data-widget_type=\"heading.default\">\n\t\t\t\t\t<h2 class=\"elementor-heading-title elementor-size-default\">1. \u23f1\ufe0f Cancelling an appointment<\/h2>\t\t\t\t<\/div>\n\t\t\t\t<div class=\"elementor-element elementor-element-56a1438 elementor-widget elementor-widget-text-editor\" data-id=\"56a1438\" data-element_type=\"widget\" data-e-type=\"widget\" data-widget_type=\"text-editor.default\">\n\t\t\t\t\t\t\t\t\t<p>\u2022 Cancellation of the appointment <strong data-start=\"406\" data-end=\"457\">at least 24 hours in advance is free of charge<\/strong>.<br data-start=\"458\" data-end=\"461\" \/>\u2022 <strong data-start=\"463\" data-end=\"518\">In case of cancellation or no-show within 24 hours,<\/strong> the full fee for the booked service will be charged.<br data-start=\"576\" data-end=\"579\" \/>\u2022 If a previous appointment is not cancelled, <strong data-start=\"615\" data-end=\"682\">a new appointment can only be made with advance payment or by arrangement.<\/strong>.<\/p>\t\t\t\t\t\t\t\t<\/div>\n\t\t\t\t<\/div>\n\t\t<div class=\"elementor-element elementor-element-524ae53 e-con-full e-flex e-con e-child\" data-id=\"524ae53\" data-element_type=\"container\" data-e-type=\"container\">\n\t\t\t\t<div class=\"elementor-element elementor-element-9fbb023 elementor-widget elementor-widget-heading\" data-id=\"9fbb023\" data-element_type=\"widget\" data-e-type=\"widget\" data-widget_type=\"heading.default\">\n\t\t\t\t\t<h2 class=\"elementor-heading-title elementor-size-default\">2. \ud83e\uddae Arrival rules<\/h2>\t\t\t\t<\/div>\n\t\t\t\t<div class=\"elementor-element elementor-element-b28fa2f elementor-widget elementor-widget-text-editor\" data-id=\"b28fa2f\" data-element_type=\"widget\" data-e-type=\"widget\" data-widget_type=\"text-editor.default\">\n\t\t\t\t\t\t\t\t\t\u2022 We ask that <strong data-start=\"1049\" data-end=\"1090\">in all cases, please bring your dog into the salon<\/strong> safely and on a leash.<br data-start=\"1120\" data-end=\"1123\" \/>\u2022 Please ensure that <strong data-start=\"1152\" data-end=\"1201\">your dog has the necessary walks and opportunities<\/strong>to relieve itself before arrival - hygiene is a shared responsibility.\n<br>\n\n\u2022 Upon arrival, please inform us <strong>please inform us of any known illnesses, allergies, or behavioral problems your pet may have,<\/strong>such as epilepsy, skin problems, musculoskeletal problems, or a tendency to bite, etc.<br>\n\u2022 In case of a delay exceeding 15 minutes, the service may be shortened or refused due to lack of time. In such cases, the full fee for the booked service may be charged.\t\t\t\t\t\t\t\t<\/div>\n\t\t\t\t<\/div>\n\t\t<div class=\"elementor-element elementor-element-8118f07 e-con-full e-flex e-con e-child\" data-id=\"8118f07\" data-element_type=\"container\" data-e-type=\"container\">\n\t\t\t\t<div class=\"elementor-element elementor-element-828a29e elementor-widget elementor-widget-heading\" data-id=\"828a29e\" data-element_type=\"widget\" data-e-type=\"widget\" data-widget_type=\"heading.default\">\n\t\t\t\t\t<h2 class=\"elementor-heading-title elementor-size-default\">3. \ud83e\uddae Departure rules<\/h2>\t\t\t\t<\/div>\n\t\t\t\t<div class=\"elementor-element elementor-element-5ac1555 elementor-widget elementor-widget-text-editor\" data-id=\"5ac1555\" data-element_type=\"widget\" data-e-type=\"widget\" data-widget_type=\"text-editor.default\">\n\t\t\t\t\t\t\t\t\t\u2022 Please arrive no later than 15 minutes after the dog grooming service has been completed. In case of longer delays, a supervision fee (3,000 HUF \/ half hour started) may be charged.<br>\n\u2022 Extra services requested on site and not agreed upon in advance can only be performed depending on time and capacity.<br>\n\u2022 We reserve the right to change prices. The current price list is always valid at the time of booking.\nThe price list contains guide prices. The final service fee is determined at the end of the grooming service based on the dog's size, coat, condition, behavior and the working time spent.\t\t\t\t\t\t\t\t<\/div>\n\t\t\t\t<\/div>\n\t\t<div class=\"elementor-element elementor-element-6995388 e-con-full e-flex e-con e-child\" data-id=\"6995388\" data-element_type=\"container\" data-e-type=\"container\">\n\t\t\t\t<div class=\"elementor-element elementor-element-5e23050 elementor-widget elementor-widget-heading\" data-id=\"5e23050\" data-element_type=\"widget\" data-e-type=\"widget\" data-widget_type=\"heading.default\">\n\t\t\t\t\t<h2 class=\"elementor-heading-title elementor-size-default\">4. \ud83e\udd12 Sick or in heat animal<\/h2>\t\t\t\t<\/div>\n\t\t\t\t<div class=\"elementor-element elementor-element-bd56e91 elementor-widget elementor-widget-text-editor\" data-id=\"bd56e91\" data-element_type=\"widget\" data-e-type=\"widget\" data-widget_type=\"text-editor.default\">\n\t\t\t\t\t\t\t\t\t<p>\u2022 <strong data-start=\"1296\" data-end=\"1390\">We are unable to accept dogs that are sick (e.g. vomiting, diarrhea, fever), in heat, or contagious.<\/strong><br data-start=\"1390\" data-end=\"1393\" \/>\u2022 In case of illness, <strong data-start=\"1466\" data-end=\"1492\">please visit the veterinarian immediately and notify us of<\/strong> the cancellation of the appointment.<\/p>\t\t\t\t\t\t\t\t<\/div>\n\t\t\t\t<\/div>\n\t\t<div class=\"elementor-element elementor-element-59b87a7 e-con-full e-flex e-con e-child\" data-id=\"59b87a7\" data-element_type=\"container\" data-e-type=\"container\">\n\t\t\t\t<div class=\"elementor-element elementor-element-6542861 elementor-widget elementor-widget-heading\" data-id=\"6542861\" data-element_type=\"widget\" data-e-type=\"widget\" data-widget_type=\"heading.default\">\n\t\t\t\t\t<h2 class=\"elementor-heading-title elementor-size-default\">5. \ud83d\udc89 Vaccinations, health conditions<\/h2>\t\t\t\t<\/div>\n\t\t\t\t<div class=\"elementor-element elementor-element-1ed7124 elementor-widget elementor-widget-text-editor\" data-id=\"1ed7124\" data-element_type=\"widget\" data-e-type=\"widget\" data-widget_type=\"text-editor.default\">\n\t\t\t\t\t\t\t\t\t<p>\u2022 We can only accept <strong data-start=\"284\" data-end=\"327\">healthy dogs with valid mandatory vaccinations<\/strong>in the salon.<br data-start=\"369\" data-end=\"372\" \/>\u2022 By booking the appointment, <strong data-start=\"408\" data-end=\"423\">the owner declares that<\/strong>the dog's vaccination program is up to date (especially the rabies vaccination) and that the animal does not suffer from any infectious diseases.<br data-start=\"554\" data-end=\"557\" \/>\u2022 <strong data-start=\"559\" data-end=\"618\">In the event of a bite, scratch, or any other incident causing injury,<\/strong> the owner is required to <strong data-start=\"650\" data-end=\"692\">send the dog's health booklet<\/strong>to Canine Barber immediately.<br data-start=\"729\" data-end=\"732\" \/>\u2022 In the event of a false statement or failure to cooperate, the service may be refused, and the resulting legal and financial liability lies with the animals owner.<\/p>\t\t\t\t\t\t\t\t<\/div>\n\t\t\t\t<\/div>\n\t\t<div class=\"elementor-element elementor-element-2a41df9 e-con-full e-flex e-con e-child\" data-id=\"2a41df9\" data-element_type=\"container\" data-e-type=\"container\">\n\t\t\t\t<div class=\"elementor-element elementor-element-9c9a4a1 elementor-widget elementor-widget-heading\" data-id=\"9c9a4a1\" data-element_type=\"widget\" data-e-type=\"widget\" data-widget_type=\"heading.default\">\n\t\t\t\t\t<h2 class=\"elementor-heading-title elementor-size-default\">6. \ud83e\udeb3 Parasites<\/h2>\t\t\t\t<\/div>\n\t\t\t\t<div class=\"elementor-element elementor-element-02fe016 elementor-widget elementor-widget-text-editor\" data-id=\"02fe016\" data-element_type=\"widget\" data-e-type=\"widget\" data-widget_type=\"text-editor.default\">\n\t\t\t\t\t\t\t\t\t<p>\u2022 <strong>We will not accept dogs with fleas, lice, or other parasites.<\/strong><br \/>\u2022 If this is discovered during the treatment, the service may be interrupted and <strong>a disinfection fee<\/strong> may be charged in addition to the full grooming service price.<\/p>\t\t\t\t\t\t\t\t<\/div>\n\t\t\t\t<\/div>\n\t\t<div class=\"elementor-element elementor-element-48aeefa e-con-full e-flex e-con e-child\" data-id=\"48aeefa\" data-element_type=\"container\" data-e-type=\"container\">\n\t\t\t\t<div class=\"elementor-element elementor-element-9e808da elementor-widget elementor-widget-heading\" data-id=\"9e808da\" data-element_type=\"widget\" data-e-type=\"widget\" data-widget_type=\"heading.default\">\n\t\t\t\t\t<h2 class=\"elementor-heading-title elementor-size-default\">7. \ud83e\uddcd Attendants, presence<\/h2>\t\t\t\t<\/div>\n\t\t\t\t<div class=\"elementor-element elementor-element-dfe4381 elementor-widget elementor-widget-text-editor\" data-id=\"dfe4381\" data-element_type=\"widget\" data-e-type=\"widget\" data-widget_type=\"text-editor.default\">\n\t\t\t\t\t\t\t\t\t<p>\u2022 No attendants <strong data-start=\"2022\" data-end=\"2066\">are allowed to enter the grooming<\/strong>work area, except with special permission.<br data-start=\"2093\" data-end=\"2096\" \/>\u2022 Please do not stay in the immediate vicinity of the dog during the service, as it will disrupt the work process.<\/p>\t\t\t\t\t\t\t\t<\/div>\n\t\t\t\t<\/div>\n\t\t<div class=\"elementor-element elementor-element-17eb2aa e-con-full e-flex e-con e-child\" data-id=\"17eb2aa\" data-element_type=\"container\" data-e-type=\"container\">\n\t\t\t\t<div class=\"elementor-element elementor-element-ff24326 elementor-widget elementor-widget-heading\" data-id=\"ff24326\" data-element_type=\"widget\" data-e-type=\"widget\" data-widget_type=\"heading.default\">\n\t\t\t\t\t<h2 class=\"elementor-heading-title elementor-size-default\">8. \ud83d\udcf8 Photography, videography<\/h2>\t\t\t\t<\/div>\n\t\t\t\t<div class=\"elementor-element elementor-element-4565b75 elementor-widget elementor-widget-text-editor\" data-id=\"4565b75\" data-element_type=\"widget\" data-e-type=\"widget\" data-widget_type=\"text-editor.default\">\n\t\t\t\t\t\t\t\t\t<p data-start=\"2244\" data-end=\"2471\">\u2022 We may take pictures or videos<strong data-start=\"2258\" data-end=\"2298\">&nbsp;of your dog before and after the<\/strong>&nbsp;grooming procedure. These may be used for marketing purposes (website, social media). If you do not wish this, <strong data-start=\"2445\" data-end=\"2471\">please let us know in advance.<\/strong><\/p>\t\t\t\t\t\t\t\t<\/div>\n\t\t\t\t<\/div>\n\t\t<div class=\"elementor-element elementor-element-d21a30d e-con-full e-flex e-con e-child\" data-id=\"d21a30d\" data-element_type=\"container\" data-e-type=\"container\">\n\t\t\t\t<div class=\"elementor-element elementor-element-0059f92 elementor-widget elementor-widget-heading\" data-id=\"0059f92\" data-element_type=\"widget\" data-e-type=\"widget\" data-widget_type=\"heading.default\">\n\t\t\t\t\t<h2 class=\"elementor-heading-title elementor-size-default\">9. \u2702\ufe0f Neglected, matted fur<\/h2>\t\t\t\t<\/div>\n\t\t\t\t<div class=\"elementor-element elementor-element-35eb75c elementor-widget elementor-widget-text-editor\" data-id=\"35eb75c\" data-element_type=\"widget\" data-e-type=\"widget\" data-widget_type=\"text-editor.default\">\n\t\t\t\t\t\t\t\t\t<p data-start=\"2244\" data-end=\"2471\">\u2022 <strong data-start=\"2520\" data-end=\"2593\">We surcharge for heavily matted, neglected fur.<\/strong><br data-start=\"2593\" data-end=\"2596\" \/>\u2022 In such cases, <strong data-start=\"2657\" data-end=\"2707\">we use the most gentle and shortest possible style,<\/strong> keeping the animal's safety, hygiene and health in mind.<br \/>\u2022 In the case of heavily matted, neglected fur, the initial condition can be documented with a photo. By starting the treatment, the owner acknowledges that during the removal of the matted fur, hidden skin irritation, injury or other skin problems may surface, for which the groomer does not assume responsibility.<\/p>\t\t\t\t\t\t\t\t<\/div>\n\t\t\t\t<\/div>\n\t\t<div class=\"elementor-element elementor-element-c90015f e-con-full e-flex e-con e-child\" data-id=\"c90015f\" data-element_type=\"container\" data-e-type=\"container\">\n\t\t\t\t<div class=\"elementor-element elementor-element-cae0166 elementor-widget elementor-widget-heading\" data-id=\"cae0166\" data-element_type=\"widget\" data-e-type=\"widget\" data-widget_type=\"heading.default\">\n\t\t\t\t\t<h2 class=\"elementor-heading-title elementor-size-default\">10. \u26a0\ufe0f Behavior, safety<\/h2>\t\t\t\t<\/div>\n\t\t\t\t<div class=\"elementor-element elementor-element-5f511eb elementor-widget elementor-widget-text-editor\" data-id=\"5f511eb\" data-element_type=\"widget\" data-e-type=\"widget\" data-widget_type=\"text-editor.default\">\n\t\t\t\t\t\t\t\t\t<p data-start=\"2244\" data-end=\"2471\">\u2022 If the dog <strong data-start=\"2774\" data-end=\"2824\">is aggressive, unmanageable, or poses a danger,<\/strong>the service may be interrupted. In such cases, the full service fee may be charged.<br>\n\u2022 If the dog shows extreme stress during the service, a health risk arises, or the grooming work becomes dangerous for the animal, the service may be interrupted. In such a case, the fee for the work performed up to that point will be charged.\t\t\t\t\t\t\t\t<\/div>\n\t\t\t\t<\/div>\n\t\t<div class=\"elementor-element elementor-element-4aa973b e-con-full e-flex e-con e-child\" data-id=\"4aa973b\" data-element_type=\"container\" data-e-type=\"container\">\n\t\t\t\t<div class=\"elementor-element elementor-element-46cc5ea elementor-widget elementor-widget-heading\" data-id=\"46cc5ea\" data-element_type=\"widget\" data-e-type=\"widget\" data-widget_type=\"heading.default\">\n\t\t\t\t\t<h2 class=\"elementor-heading-title elementor-size-default\">11. \ud83e\uddcd\u200d\u2642\ufe0f Presence of children<\/h2>\t\t\t\t<\/div>\n\t\t\t\t<div class=\"elementor-element elementor-element-61a6e6d elementor-widget elementor-widget-text-editor\" data-id=\"61a6e6d\" data-element_type=\"widget\" data-e-type=\"widget\" data-widget_type=\"text-editor.default\">\n\t\t\t\t\t\t\t\t\t<p data-start=\"2244\" data-end=\"2471\">\u2022 Please only arrive with children <strong data-start=\"3013\" data-end=\"3079\">if you can ensure their supervision outside the grooming area.<\/strong><br data-start=\"3079\" data-end=\"3082\" \/>\u2022 To ensure uninterrupted work and prevent accidents, <strong data-start=\"3145\" data-end=\"3188\">children must not be in the work area.<\/strong><\/p>\t\t\t\t\t\t\t\t<\/div>\n\t\t\t\t<\/div>\n\t\t<div class=\"elementor-element elementor-element-ef61779 e-con-full e-flex e-con e-child\" data-id=\"ef61779\" data-element_type=\"container\" data-e-type=\"container\">\n\t\t\t\t<div class=\"elementor-element elementor-element-5a676da elementor-widget elementor-widget-heading\" data-id=\"5a676da\" data-element_type=\"widget\" data-e-type=\"widget\" data-widget_type=\"heading.default\">\n\t\t\t\t\t<h2 class=\"elementor-heading-title elementor-size-default\">12. <img decoding=\"async\" role=\"img\" class=\"emoji\" alt=\"\ud83d\udc15\" src=\"https:\/\/s.w.org\/images\/core\/emoji\/16.0.1\/svg\/1f415.svg\"> Mixed breed dogs<\/h2>\t\t\t\t<\/div>\n\t\t\t\t<div class=\"elementor-element elementor-element-591ea1d elementor-widget elementor-widget-text-editor\" data-id=\"591ea1d\" data-element_type=\"widget\" data-e-type=\"widget\" data-widget_type=\"text-editor.default\">\n\t\t\t\t\t\t\t\t\t\u2022 In the case of a mixed breed dog <strong data-start=\"904\" data-end=\"955\">a price close to the breed will be applied,<\/strong>based on the coat quality and the time required for the work.\t\t\t\t\t\t\t\t<\/div>\n\t\t\t\t<\/div>\n\t\t<div class=\"elementor-element elementor-element-ee3275d e-con-full e-flex e-con e-child\" data-id=\"ee3275d\" data-element_type=\"container\" data-e-type=\"container\">\n\t\t\t\t<div class=\"elementor-element elementor-element-6a4033b elementor-widget elementor-widget-heading\" data-id=\"6a4033b\" data-element_type=\"widget\" data-e-type=\"widget\" data-widget_type=\"heading.default\">\n\t\t\t\t\t<h2 class=\"elementor-heading-title elementor-size-default\">13. \ud83d\udec1 No-bath service<\/h2>\t\t\t\t<\/div>\n\t\t\t\t<div class=\"elementor-element elementor-element-efcc16d elementor-widget elementor-widget-text-editor\" data-id=\"efcc16d\" data-element_type=\"widget\" data-e-type=\"widget\" data-widget_type=\"text-editor.default\">\n\t\t\t\t\t\t\t\t\t\u2022 The service price <strong data-start=\"752\" data-end=\"775\">includes bathing<\/strong>.<br data-start=\"776\" data-end=\"779\" \/>\u2022 <strong data-start=\"781\" data-end=\"838\">If bathing is not requested, the price does not change.<\/strong>\t\t\t\t\t\t\t\t<\/div>\n\t\t\t\t<\/div>\n\t\t<div class=\"elementor-element elementor-element-6cf12fd e-con-full e-flex e-con e-child\" data-id=\"6cf12fd\" data-element_type=\"container\" data-e-type=\"container\">\n\t\t\t\t<div class=\"elementor-element elementor-element-55d9e7a elementor-widget elementor-widget-heading\" data-id=\"55d9e7a\" data-element_type=\"widget\" data-e-type=\"widget\" data-widget_type=\"heading.default\">\n\t\t\t\t\t<h2 class=\"elementor-heading-title elementor-size-default\">14. \ud83d\udcb3 Payment, invoicing<\/h2>\t\t\t\t<\/div>\n\t\t\t\t<div class=\"elementor-element elementor-element-4ebec0e elementor-widget elementor-widget-text-editor\" data-id=\"4ebec0e\" data-element_type=\"widget\" data-e-type=\"widget\" data-widget_type=\"text-editor.default\">\n\t\t\t\t\t\t\t\t\t<p data-start=\"2244\" data-end=\"2471\">\u2022 Payment is possible, <strong data-start=\"3552\" data-end=\"3596\">in cash or by card<\/strong> on site.<br data-start=\"3606\" data-end=\"3609\" \/>\u2022 Please notify us <strong data-start=\"3631\" data-end=\"3648\">in advance if you require an invoice<\/strong>.<\/p>\t\t\t\t\t\t\t\t<\/div>\n\t\t\t\t<\/div>\n\t\t<div class=\"elementor-element elementor-element-9ead588 e-con-full e-flex e-con e-child\" data-id=\"9ead588\" data-element_type=\"container\" data-e-type=\"container\">\n\t\t\t\t<div class=\"elementor-element elementor-element-a1d8176 elementor-widget elementor-widget-heading\" data-id=\"a1d8176\" data-element_type=\"widget\" data-e-type=\"widget\" data-widget_type=\"heading.default\">\n\t\t\t\t\t<h2 class=\"elementor-heading-title elementor-size-default\">15. \u23f1\ufe0f Service duration<\/h2>\t\t\t\t<\/div>\n\t\t\t\t<div class=\"elementor-element elementor-element-911aeb5 elementor-widget elementor-widget-text-editor\" data-id=\"911aeb5\" data-element_type=\"widget\" data-e-type=\"widget\" data-widget_type=\"text-editor.default\">\n\t\t\t\t\t\t\t\t\t\u2022 The duration of the service is for informational purposes only and may vary depending on the dog's behavior, coat, and condition. Exact completion times cannot be guaranteed in all cases. <br>\n\u2022 In order to ensure quality and safe work, the salon does not operate on an assembly line, therefore the duration of the service may vary from dog to dog.\t\t\t\t\t\t\t\t<\/div>\n\t\t\t\t<\/div>\n\t\t<div class=\"elementor-element elementor-element-a166c17 e-con-full e-flex e-con e-child\" data-id=\"a166c17\" data-element_type=\"container\" data-e-type=\"container\">\n\t\t\t\t<div class=\"elementor-element elementor-element-fd7d062 elementor-widget elementor-widget-heading\" data-id=\"fd7d062\" data-element_type=\"widget\" data-e-type=\"widget\" data-widget_type=\"heading.default\">\n\t\t\t\t\t<h2 class=\"elementor-heading-title elementor-size-default\">By booking the appointment, the guest automatically <br>accepts Canine Barber's policy and the data processing information.<br><br>\nThank you for your cooperation in maintaining a calm, safe and high-quality service!<\/h2>\t\t\t\t<\/div>\n\t\t\t\t<\/div>\n\t\t\t\t<\/div>\n\t\t\t\t<\/div>\n\t\t\t\t<\/div>","protected":false},"excerpt":{"rendered":"<p>H\u00c1ZIREND 1. \u23f1\ufe0f Id\u0151pont lemond\u00e1sa \u2022 Az id\u0151pont lemond\u00e1sa legal\u00e1bb 24 \u00f3r\u00e1val kor\u00e1bban d\u00edjmentes.\u2022 24 \u00f3r\u00e1n bel\u00fcli lemond\u00e1s vagy meg nem jelen\u00e9s eset\u00e9n a lefoglalt szolg\u00e1ltat\u00e1s teljes d\u00edja felsz\u00e1mol\u00e1sra ker\u00fcl.\u2022 El\u0151z\u0151 id\u0151pont le nem mond\u00e1sa ut\u00e1n \u00faj id\u0151pont csak el\u0151re fizet\u00e9ssel vagy egyeztet\u00e9s alapj\u00e1n adhat\u00f3. 2. \ud83e\uddae \u00c9rkez\u00e9s szab\u00e1lyai \u2022 A kuty\u00e1kat minden esetben p\u00f3r\u00e1zon, [&hellip;]<\/p>\n","protected":false},"author":1,"featured_media":0,"parent":0,"menu_order":0,"comment_status":"closed","ping_status":"closed","template":"elementor_header_footer","meta":{"footnotes":""},"class_list":["post-665","page","type-page","status-publish","hentry"],"_links":{"self":[{"href":"https:\/\/caninebarber.hu\/en\/wp-json\/wp\/v2\/pages\/665","targetHints":{"allow":["GET"]}}],"collection":[{"href":"https:\/\/caninebarber.hu\/en\/wp-json\/wp\/v2\/pages"}],"about":[{"href":"https:\/\/caninebarber.hu\/en\/wp-json\/wp\/v2\/types\/page"}],"author":[{"embeddable":true,"href":"https:\/\/caninebarber.hu\/en\/wp-json\/wp\/v2\/users\/1"}],"replies":[{"embeddable":true,"href":"https:\/\/caninebarber.hu\/en\/wp-json\/wp\/v2\/comments?post=665"}],"version-history":[{"count":89,"href":"https:\/\/caninebarber.hu\/en\/wp-json\/wp\/v2\/pages\/665\/revisions"}],"predecessor-version":[{"id":1487,"href":"https:\/\/caninebarber.hu\/en\/wp-json\/wp\/v2\/pages\/665\/revisions\/1487"}],"wp:attachment":[{"href":"https:\/\/caninebarber.hu\/en\/wp-json\/wp\/v2\/media?parent=665"}],"curies":[{"name":"wp","href":"https:\/\/api.w.org\/{rel}","templated":true}]}}